{"id":1587,"date":"2025-04-14T13:45:02","date_gmt":"2025-04-14T13:45:02","guid":{"rendered":"https:\/\/cvcshipping.ro\/?page_id=1587"},"modified":"2025-04-18T20:04:10","modified_gmt":"2025-04-18T20:04:10","slug":"barge-cleaning-services","status":"publish","type":"page","link":"https:\/\/cvcshipping.ro\/ro\/barge-cleaning-services\/","title":{"rendered":"Barge cleaning Services"},"content":{"rendered":"<h1>Barge Cleaning Services in Romania \u2013 Professional &#038; Efficient<\/h1>\n<p>La <strong data-start=\"277\" data-end=\"305\">Cleaning Vessels Company<\/strong>suntem specializati <strong data-start=\"324\" data-end=\"364\">in servicii profesionale de cur\u0103\u021bare a barjelor<\/strong> pentru porturile din Rom\u00e2nia, inclusiv <strong data-start=\"401\" data-end=\"430\">Constan\u021ba, Gala\u021bi, Br\u0103ila<\/strong>\u0219i zonele \u00eenconjur\u0103toare. Indiferent dac\u0103 ave\u021bi nevoie de cur\u0103\u021barea rezervoarelor, cur\u0103\u021barea calelor sau sp\u0103l\u0103ri exterioare, echipa noastr\u0103 se asigur\u0103 c\u0103 navele dumneavoastr\u0103 \u00eendeplinesc cele mai \u00eenalte standarde de siguran\u021b\u0103 \u0219i opera\u021bionale.<\/p>","protected":false},"excerpt":{"rendered":"<p>Barge Cleaning Services in Romania \u2013 Professional &#038; Efficient At Cleaning Vessels Company, we specialize in professional barge cleaning services for ports across Romania, including Constan\u021ba, Gala\u021bi, Br\u0103ila, and surrounding areas. Whether you need tank cleaning, hold cleaning, or exterior washdowns, our team ensures your vessels meet the highest safety and operational standards.<\/p>","protected":false},"author":1,"featured_media":0,"parent":0,"menu_order":0,"comment_status":"closed","ping_status":"closed","template":"","meta":{"_kadence_starter_templates_imported_post":false,"_kad_post_transparent":"","_kad_post_title":"","_kad_post_layout":"","_kad_post_sidebar_id":"","_kad_post_content_style":"","_kad_post_vertical_padding":"","_kad_post_feature":"","_kad_post_feature_position":"","_kad_post_header":false,"_kad_post_footer":false,"_kad_post_classname":"","footnotes":""},"class_list":["post-1587","page","type-page","status-publish","hentry"],"yoast_head":"<!-- This site is optimized with the Yoast SEO plugin v27.5 - https:\/\/yoast.com\/product\/yoast-seo-wordpress\/ -->\n<title>Barge Cleaning Services | CVC \u2013 Port Cleaning Experts in Romania<\/title>\n<meta name=\"description\" content=\"CVC provides professional barge cleaning services in Constan\u021ba &amp; Agigea. Safe, fast, and compliant with port regulations. Request a cleaning operation now!\" \/>\n<meta name=\"robots\" content=\"index, follow, max-snippet:-1, max-image-preview:large, max-video-preview:-1\" \/>\n<link rel=\"canonical\" href=\"https:\/\/cvcshipping.ro\/ro\/barge-cleaning-services\/\" \/>\n<meta property=\"og:locale\" content=\"ro_RO\" \/>\n<meta property=\"og:type\" content=\"article\" \/>\n<meta property=\"og:title\" content=\"Barge Cleaning Services | CVC \u2013 Port Cleaning Experts in Romania\" \/>\n<meta property=\"og:description\" content=\"CVC provides professional barge cleaning services in Constan\u021ba &amp; Agigea. Safe, fast, and compliant with port regulations. Request a cleaning operation now!\" \/>\n<meta property=\"og:url\" content=\"https:\/\/cvcshipping.ro\/ro\/barge-cleaning-services\/\" \/>\n<meta property=\"og:site_name\" content=\"CVC \u2013 \u00cenchiriere Utilaje \u0219i For\u021b\u0103 de Munc\u0103\" \/>\n<meta property=\"article:modified_time\" content=\"2025-04-18T20:04:10+00:00\" \/>\n<meta property=\"og:image\" content=\"https:\/\/cvcshipping.ro\/wp-content\/uploads\/2025\/04\/cropped-CLENING-VESSELS-COMPANY.png\" \/>\n\t<meta property=\"og:image:width\" content=\"512\" \/>\n\t<meta property=\"og:image:height\" content=\"512\" \/>\n\t<meta property=\"og:image:type\" content=\"image\/png\" \/>\n<meta name=\"twitter:card\" content=\"summary_large_image\" \/>\n<meta name=\"twitter:label1\" content=\"Timp estimat pentru citire\" \/>\n\t<meta name=\"twitter:data1\" content=\"1 minut\" \/>\n<script type=\"application\/ld+json\" class=\"yoast-schema-graph\">{\"@context\":\"https:\\\/\\\/schema.org\",\"@graph\":[{\"@type\":\"WebPage\",\"@id\":\"https:\\\/\\\/cvcshipping.ro\\\/barge-cleaning-services\\\/\",\"url\":\"https:\\\/\\\/cvcshipping.ro\\\/barge-cleaning-services\\\/\",\"name\":\"Barge Cleaning Services | CVC \u2013 Port Cleaning Experts in Romania\",\"isPartOf\":{\"@id\":\"https:\\\/\\\/cvcshipping.ro\\\/#website\"},\"datePublished\":\"2025-04-14T13:45:02+00:00\",\"dateModified\":\"2025-04-18T20:04:10+00:00\",\"description\":\"CVC provides professional barge cleaning services in Constan\u021ba & Agigea. Safe, fast, and compliant with port regulations. Request a cleaning operation now!\",\"breadcrumb\":{\"@id\":\"https:\\\/\\\/cvcshipping.ro\\\/barge-cleaning-services\\\/#breadcrumb\"},\"inLanguage\":\"ro-RO\",\"potentialAction\":[{\"@type\":\"ReadAction\",\"target\":[\"https:\\\/\\\/cvcshipping.ro\\\/barge-cleaning-services\\\/\"]}]},{\"@type\":\"BreadcrumbList\",\"@id\":\"https:\\\/\\\/cvcshipping.ro\\\/barge-cleaning-services\\\/#breadcrumb\",\"itemListElement\":[{\"@type\":\"ListItem\",\"position\":1,\"name\":\"Home\",\"item\":\"https:\\\/\\\/cvcshipping.ro\\\/\"},{\"@type\":\"ListItem\",\"position\":2,\"name\":\"Barge cleaning Services\"}]},{\"@type\":\"WebSite\",\"@id\":\"https:\\\/\\\/cvcshipping.ro\\\/#website\",\"url\":\"https:\\\/\\\/cvcshipping.ro\\\/\",\"name\":\"CVC \u2013 Cleaning Vessels Company\",\"description\":\"Utijale, docheri \u0219i muncitori \u00een Portul Constan\u021ba\",\"publisher\":{\"@id\":\"https:\\\/\\\/cvcshipping.ro\\\/#organization\"},\"alternateName\":\"CVC Port Services\",\"potentialAction\":[{\"@type\":\"SearchAction\",\"target\":{\"@type\":\"EntryPoint\",\"urlTemplate\":\"https:\\\/\\\/cvcshipping.ro\\\/?s={search_term_string}\"},\"query-input\":{\"@type\":\"PropertyValueSpecification\",\"valueRequired\":true,\"valueName\":\"search_term_string\"}}],\"inLanguage\":\"ro-RO\"},{\"@type\":\"Organization\",\"@id\":\"https:\\\/\\\/cvcshipping.ro\\\/#organization\",\"name\":\"Cleaning Vessels Company\",\"url\":\"https:\\\/\\\/cvcshipping.ro\\\/\",\"logo\":{\"@type\":\"ImageObject\",\"inLanguage\":\"ro-RO\",\"@id\":\"https:\\\/\\\/cvcshipping.ro\\\/#\\\/schema\\\/logo\\\/image\\\/\",\"url\":\"https:\\\/\\\/cvcshipping.ro\\\/wp-content\\\/uploads\\\/2026\\\/02\\\/cropped-Untitled-design-36.png\",\"contentUrl\":\"https:\\\/\\\/cvcshipping.ro\\\/wp-content\\\/uploads\\\/2026\\\/02\\\/cropped-Untitled-design-36.png\",\"width\":512,\"height\":204,\"caption\":\"Cleaning Vessels Company\"},\"image\":{\"@id\":\"https:\\\/\\\/cvcshipping.ro\\\/#\\\/schema\\\/logo\\\/image\\\/\"}}]}<\/script>\n<!-- \/ Yoast SEO plugin. -->","yoast_head_json":{"title":"Barge Cleaning Services | CVC \u2013 Port Cleaning Experts in Romania","description":"CVC provides professional barge cleaning services in Constan\u021ba & Agigea. Safe, fast, and compliant with port regulations. Request a cleaning operation now!","robots":{"index":"index","follow":"follow","max-snippet":"max-snippet:-1","max-image-preview":"max-image-preview:large","max-video-preview":"max-video-preview:-1"},"canonical":"https:\/\/cvcshipping.ro\/ro\/barge-cleaning-services\/","og_locale":"ro_RO","og_type":"article","og_title":"Barge Cleaning Services | CVC \u2013 Port Cleaning Experts in Romania","og_description":"CVC provides professional barge cleaning services in Constan\u021ba & Agigea. Safe, fast, and compliant with port regulations. Request a cleaning operation now!","og_url":"https:\/\/cvcshipping.ro\/ro\/barge-cleaning-services\/","og_site_name":"CVC \u2013 \u00cenchiriere Utilaje \u0219i For\u021b\u0103 de Munc\u0103","article_modified_time":"2025-04-18T20:04:10+00:00","og_image":[{"width":512,"height":512,"url":"https:\/\/cvcshipping.ro\/wp-content\/uploads\/2025\/04\/cropped-CLENING-VESSELS-COMPANY.png","type":"image\/png"}],"twitter_card":"summary_large_image","twitter_misc":{"Timp estimat pentru citire":"1 minut"},"schema":{"@context":"https:\/\/schema.org","@graph":[{"@type":"WebPage","@id":"https:\/\/cvcshipping.ro\/barge-cleaning-services\/","url":"https:\/\/cvcshipping.ro\/barge-cleaning-services\/","name":"Barge Cleaning Services | CVC \u2013 Port Cleaning Experts in Romania","isPartOf":{"@id":"https:\/\/cvcshipping.ro\/#website"},"datePublished":"2025-04-14T13:45:02+00:00","dateModified":"2025-04-18T20:04:10+00:00","description":"CVC provides professional barge cleaning services in Constan\u021ba & Agigea. Safe, fast, and compliant with port regulations. Request a cleaning operation now!","breadcrumb":{"@id":"https:\/\/cvcshipping.ro\/barge-cleaning-services\/#breadcrumb"},"inLanguage":"ro-RO","potentialAction":[{"@type":"ReadAction","target":["https:\/\/cvcshipping.ro\/barge-cleaning-services\/"]}]},{"@type":"BreadcrumbList","@id":"https:\/\/cvcshipping.ro\/barge-cleaning-services\/#breadcrumb","itemListElement":[{"@type":"ListItem","position":1,"name":"Home","item":"https:\/\/cvcshipping.ro\/"},{"@type":"ListItem","position":2,"name":"Barge cleaning Services"}]},{"@type":"WebSite","@id":"https:\/\/cvcshipping.ro\/#website","url":"https:\/\/cvcshipping.ro\/","name":"Cleaning Vessels Company","description":"Utijale, docheri \u0219i muncitori \u00een Portul Constan\u021ba","publisher":{"@id":"https:\/\/cvcshipping.ro\/#organization"},"alternateName":"CVC Port Services","potentialAction":[{"@type":"SearchAction","target":{"@type":"EntryPoint","urlTemplate":"https:\/\/cvcshipping.ro\/?s={search_term_string}"},"query-input":{"@type":"PropertyValueSpecification","valueRequired":true,"valueName":"search_term_string"}}],"inLanguage":"ro-RO"},{"@type":"Organization","@id":"https:\/\/cvcshipping.ro\/#organization","name":"Cleaning Vessels Company","url":"https:\/\/cvcshipping.ro\/","logo":{"@type":"ImageObject","inLanguage":"ro-RO","@id":"https:\/\/cvcshipping.ro\/#\/schema\/logo\/image\/","url":"https:\/\/cvcshipping.ro\/wp-content\/uploads\/2026\/02\/cropped-Untitled-design-36.png","contentUrl":"https:\/\/cvcshipping.ro\/wp-content\/uploads\/2026\/02\/cropped-Untitled-design-36.png","width":512,"height":204,"caption":"Cleaning Vessels Company"},"image":{"@id":"https:\/\/cvcshipping.ro\/#\/schema\/logo\/image\/"}}]}},"_links":{"self":[{"href":"https:\/\/cvcshipping.ro\/ro\/wp-json\/wp\/v2\/pages\/1587","targetHints":{"allow":["GET"]}}],"collection":[{"href":"https:\/\/cvcshipping.ro\/ro\/wp-json\/wp\/v2\/pages"}],"about":[{"href":"https:\/\/cvcshipping.ro\/ro\/wp-json\/wp\/v2\/types\/page"}],"author":[{"embeddable":true,"href":"https:\/\/cvcshipping.ro\/ro\/wp-json\/wp\/v2\/users\/1"}],"replies":[{"embeddable":true,"href":"https:\/\/cvcshipping.ro\/ro\/wp-json\/wp\/v2\/comments?post=1587"}],"version-history":[{"count":7,"href":"https:\/\/cvcshipping.ro\/ro\/wp-json\/wp\/v2\/pages\/1587\/revisions"}],"predecessor-version":[{"id":1680,"href":"https:\/\/cvcshipping.ro\/ro\/wp-json\/wp\/v2\/pages\/1587\/revisions\/1680"}],"wp:attachment":[{"href":"https:\/\/cvcshipping.ro\/ro\/wp-json\/wp\/v2\/media?parent=1587"}],"curies":[{"name":"wp","href":"https:\/\/api.w.org\/{rel}","templated":true}]}}