{"id":1319,"date":"2021-11-21T15:14:41","date_gmt":"2021-11-21T15:14:41","guid":{"rendered":"https:\/\/cvcshipping.ro\/services\/"},"modified":"2025-07-25T12:14:47","modified_gmt":"2025-07-25T12:14:47","slug":"services","status":"publish","type":"page","link":"https:\/\/cvcshipping.ro\/ro\/services\/","title":{"rendered":"Servicii"},"content":{"rendered":"<h1>Our Services \u2013 CVC Cleaning Vessels Company<br \/>\n<\/h1>\n<p>\t\t\t\t\t\t\t\t\t\t\t\t\t\t\t<img loading=\"lazy\" decoding=\"async\" width=\"370\" height=\"500\" src=\"https:\/\/cvcshipping.ro\/wp-content\/uploads\/2021\/11\/service-1.jpg\" alt=\"\" srcset=\"https:\/\/cvcshipping.ro\/wp-content\/uploads\/2021\/11\/service-1.jpg 370w, https:\/\/cvcshipping.ro\/wp-content\/uploads\/2021\/11\/service-1-222x300.jpg 222w\" sizes=\"auto, (max-width: 370px) 100vw, 370px\" \/>\t\t\t\t\t\t\t\t\t\t\t\t\t\t\t<\/p>\n<h4>Web Design<\/h4>\n<p data-start=\"479\" data-end=\"578\">La CVC, oferim o gam\u0103 complet\u0103 de servicii portuare \u0219i navale \u00een porturile Constan\u021ba \u0219i Agigea.<\/p>\n<p data-start=\"580\" data-end=\"616\">Face\u021bi clic pe fiecare serviciu pentru a afla mai multe:<\/p>\n<ul>\n<li data-start=\"618\" data-end=\"771\">\n<p data-start=\"620\" data-end=\"771\"><a href=\"https:\/\/cvcshipping.ro\/ro\/vessel-cleaning-services\/\" rel=\"noopener\" data-start=\"620\" data-end=\"687\">Vessel Cleaning Services<\/a><br data-start=\"687\" data-end=\"690\" \/>Cur\u0103\u021bare temeinic\u0103 a calelor, sp\u0103lare a rezervoarelor \u0219i \u00eendep\u0103rtare a reziduurilor pentru toate tipurile de recipiente.<\/p>\n<\/li>\n<li data-start=\"773\" data-end=\"927\">\n<p data-start=\"775\" data-end=\"927\"><a href=\"https:\/\/cvcshipping.ro\/ro\/barge-cleaning-services\/\" rel=\"noopener\" data-start=\"775\" data-end=\"840\">Barge Cleaning Services<\/a><br data-start=\"840\" data-end=\"843\" \/>Cur\u0103\u021bare rapid\u0103 \u0219i conform\u0103 cu reglement\u0103rile pentru barje, inclusiv \u00eenc\u0103rc\u0103turi alimentare \u0219i industriale.<\/p>\n<\/li>\n<li data-start=\"929\" data-end=\"1048\">\n<p data-start=\"931\" data-end=\"1048\"><a href=\"https:\/\/cvcshipping.ro\/ro\/big-bags-packaging\/\" rel=\"noopener\" data-start=\"931\" data-end=\"984\">Big Bag Packaging<\/a><br data-start=\"984\" data-end=\"987\" \/>Ambalare vrac sigur\u0103 \u0219i eficient\u0103 \u00een saci mari de 1t \u0219i 500kg<\/p>\n<\/li>\n<\/ul>\n<p>\t\t\t\t\t<a href=\"#\"><br \/>\n\t\t\t\t\t\t\t\t\tStart a Project<br \/>\n\t\t\t\t\t<\/a><br \/>\n\t\t\t\t\t\t\t\t\t\t\t\t\t\t\t<img loading=\"lazy\" decoding=\"async\" width=\"370\" height=\"500\" src=\"https:\/\/cvcshipping.ro\/wp-content\/uploads\/2021\/11\/service-2.jpg\" alt=\"\" srcset=\"https:\/\/cvcshipping.ro\/wp-content\/uploads\/2021\/11\/service-2.jpg 370w, https:\/\/cvcshipping.ro\/wp-content\/uploads\/2021\/11\/service-2-222x300.jpg 222w\" sizes=\"auto, (max-width: 370px) 100vw, 370px\" \/>\t\t\t\t\t\t\t\t\t\t\t\t\t\t\t<\/p>\n<h4>Mut\u0103m lucruri \u00een Port<\/h4>\n<ul>\n<li data-start=\"1050\" data-end=\"1178\">\n<p data-start=\"1052\" data-end=\"1178\"><a href=\"https:\/\/cvcshipping.ro\/ro\/port-logistics\/\">Port Logistics<\/a><br data-start=\"1099\" data-end=\"1102\" \/>Manipularea m\u0103rfurilor, transferul pe platform\u0103, containere de desc\u0103rcare \u0219i transportul portuar intern.<\/p>\n<\/li>\n<li data-start=\"1180\" data-end=\"1300\">\n<p data-start=\"1182\" data-end=\"1300\"><a href=\"https:\/\/cvcshipping.ro\/ro\/equipment-rental\/\" rel=\"noopener\" data-start=\"1182\" data-end=\"1233\">\u00cenchiriere Echipamente<\/a><br data-start=\"1233\" data-end=\"1236\" \/>Stivuitoare, \u00eenc\u0103rc\u0103toare frontale, platforme \u0219i multe altele \u2013 gata de \u00eenchiriat.<\/p>\n<\/li>\n<li data-start=\"1302\" data-end=\"1404\">\n<p data-start=\"1304\" data-end=\"1404\"><a href=\"https:\/\/cvcshipping.ro\/ro\/workforce-hire\/\">Labor Hire<\/a><br data-start=\"1343\" data-end=\"1346\" \/>For\u021b\u0103 de munc\u0103 calificat\u0103: docheri, \u0219oferi \u0219i lucr\u0103tori maritimi.<\/p>\n<\/li>\n<\/ul>\n<h3>From $99<\/h3>\n<p>\t\t\t\t\t<a href=\"#\"><br \/>\n\t\t\t\t\t\t\t\t\tStart a Project<br \/>\n\t\t\t\t\t<\/a><br \/>\n\t\t\t\t\t\t\t\t\t\t\t\t\t\t\t<img loading=\"lazy\" decoding=\"async\" width=\"370\" height=\"500\" src=\"https:\/\/cvcshipping.ro\/wp-content\/uploads\/2021\/11\/service-3.jpg\" alt=\"\" srcset=\"https:\/\/cvcshipping.ro\/wp-content\/uploads\/2021\/11\/service-3.jpg 370w, https:\/\/cvcshipping.ro\/wp-content\/uploads\/2021\/11\/service-3-222x300.jpg 222w\" sizes=\"auto, (max-width: 370px) 100vw, 370px\" \/>\t\t\t\t\t\t\t\t\t\t\t\t\t\t\t<\/p>\n<h4>Content Creation<\/h4>\n<p>Tell your visitor how your service can improve their life. Connect with the problem that they&#8217;re trying to solve and address any objections you think they might have.<\/p>\n<p>\u00a0<\/p>\n<p>What is the biggest benefit your customer will get from this? Keep your target audience in mind.<\/p>\n<h3>From $99<\/h3>\n<p>\t\t\t\t\t<a href=\"#\"><br \/>\n\t\t\t\t\t\t\t\t\tStart a Project<br \/>\n\t\t\t\t\t<\/a><\/p>\n<h4>Why Love Nature<\/h4>\n<p>Your customers just learned what services you offer. Tell them why they should work with you or your team, for example you could highlight your experience and positive client reviews.<\/p>\n<p>\u00a0<\/p>\n<p>The badges illustrate this.\u00a0 We also focus on key benefits they will get while using our services, namely quick turnaround times and dedicated support. You could also use them to show awards you won for your best work.<\/p>\n<h3>\n\t\t\t\t\t\t\t8 Years Experience<br \/>\n\t\t\t\t\t<\/h3>\n<h3>\n\t\t\t\t\t\t\t5 Star Rating<br \/>\n\t\t\t\t\t<\/h3>\n<h3>\n\t\t\t\t\t\t\tQuick Turnaround<br \/>\n\t\t\t\t\t<\/h3>\n<h3>\n\t\t\t\t\t\t\tDedicated Support<br \/>\n\t\t\t\t\t<\/h3>","protected":false},"excerpt":{"rendered":"<p>Our Services \u2013 CVC Cleaning Vessels Company Web Design At CVC, we offer a complete range of port and vessel services in the ports of Constan\u021ba and Agigea. Click on each service to learn more: Vessel Cleaning ServicesThorough hold cleaning, tank washing, and residue removal for all vessel types. Barge Cleaning ServicesFast and compliant cleaning&#8230;<\/p>","protected":false},"author":1,"featured_media":0,"parent":0,"menu_order":0,"comment_status":"closed","ping_status":"closed","template":"","meta":{"_kadence_starter_templates_imported_post":false,"_kad_post_transparent":"","_kad_post_title":"","_kad_post_layout":"","_kad_post_sidebar_id":"","_kad_post_content_style":"","_kad_post_vertical_padding":"","_kad_post_feature":"","_kad_post_feature_position":"","_kad_post_header":false,"_kad_post_footer":false,"_kad_post_classname":"","footnotes":""},"class_list":["post-1319","page","type-page","status-publish","hentry"],"yoast_head":"<!-- This site is optimized with the Yoast SEO plugin v27.5 - https:\/\/yoast.com\/product\/yoast-seo-wordpress\/ -->\n<title>Maritime &amp; Port Services in Romania \u2013 CVC Shipping<\/title>\n<meta name=\"description\" content=\"Servicii profesionale \u00een portul Constan\u021ba \u0219i Agigea: cur\u0103\u021bare hambare nave, \u00eenchiriere docheri \u0219i muncitori, ins\u0103cuire big bags, logistic\u0103 \u0219i transport marf\u0103.\" \/>\n<meta name=\"robots\" content=\"index, follow, max-snippet:-1, max-image-preview:large, max-video-preview:-1\" \/>\n<link rel=\"canonical\" href=\"https:\/\/cvcshipping.ro\/ro\/services\/\" \/>\n<meta property=\"og:locale\" content=\"ro_RO\" \/>\n<meta property=\"og:type\" content=\"article\" \/>\n<meta property=\"og:title\" content=\"Maritime &amp; Port Services in Romania \u2013 CVC Shipping\" \/>\n<meta property=\"og:description\" content=\"Servicii profesionale \u00een portul Constan\u021ba \u0219i Agigea: cur\u0103\u021bare hambare nave, \u00eenchiriere docheri \u0219i muncitori, ins\u0103cuire big bags, logistic\u0103 \u0219i transport marf\u0103.\" \/>\n<meta property=\"og:url\" content=\"https:\/\/cvcshipping.ro\/ro\/services\/\" \/>\n<meta property=\"og:site_name\" content=\"CVC \u2013 \u00cenchiriere Utilaje \u0219i For\u021b\u0103 de Munc\u0103\" \/>\n<meta property=\"article:modified_time\" content=\"2025-07-25T12:14:47+00:00\" \/>\n<meta property=\"og:image\" content=\"https:\/\/cvcshipping.ro\/wp-content\/uploads\/2021\/11\/service-1.jpg\" \/>\n<meta name=\"twitter:card\" content=\"summary_large_image\" \/>\n<meta name=\"twitter:label1\" content=\"Timp estimat pentru citire\" \/>\n\t<meta name=\"twitter:data1\" content=\"3 minute\" \/>\n<script type=\"application\/ld+json\" class=\"yoast-schema-graph\">{\"@context\":\"https:\\\/\\\/schema.org\",\"@graph\":[{\"@type\":\"WebPage\",\"@id\":\"https:\\\/\\\/cvcshipping.ro\\\/services\\\/\",\"url\":\"https:\\\/\\\/cvcshipping.ro\\\/services\\\/\",\"name\":\"Maritime & Port Services in Romania \u2013 CVC Shipping\",\"isPartOf\":{\"@id\":\"https:\\\/\\\/cvcshipping.ro\\\/#website\"},\"primaryImageOfPage\":{\"@id\":\"https:\\\/\\\/cvcshipping.ro\\\/services\\\/#primaryimage\"},\"image\":{\"@id\":\"https:\\\/\\\/cvcshipping.ro\\\/services\\\/#primaryimage\"},\"thumbnailUrl\":\"https:\\\/\\\/cvcshipping.ro\\\/wp-content\\\/uploads\\\/2021\\\/11\\\/service-1.jpg\",\"datePublished\":\"2021-11-21T15:14:41+00:00\",\"dateModified\":\"2025-07-25T12:14:47+00:00\",\"description\":\"Servicii profesionale \u00een portul Constan\u021ba \u0219i Agigea: cur\u0103\u021bare hambare nave, \u00eenchiriere docheri \u0219i muncitori, ins\u0103cuire big bags, logistic\u0103 \u0219i transport marf\u0103.\",\"breadcrumb\":{\"@id\":\"https:\\\/\\\/cvcshipping.ro\\\/services\\\/#breadcrumb\"},\"inLanguage\":\"ro-RO\",\"potentialAction\":[{\"@type\":\"ReadAction\",\"target\":[\"https:\\\/\\\/cvcshipping.ro\\\/services\\\/\"]}]},{\"@type\":\"ImageObject\",\"inLanguage\":\"ro-RO\",\"@id\":\"https:\\\/\\\/cvcshipping.ro\\\/services\\\/#primaryimage\",\"url\":\"https:\\\/\\\/cvcshipping.ro\\\/wp-content\\\/uploads\\\/2021\\\/11\\\/service-1.jpg\",\"contentUrl\":\"https:\\\/\\\/cvcshipping.ro\\\/wp-content\\\/uploads\\\/2021\\\/11\\\/service-1.jpg\"},{\"@type\":\"BreadcrumbList\",\"@id\":\"https:\\\/\\\/cvcshipping.ro\\\/services\\\/#breadcrumb\",\"itemListElement\":[{\"@type\":\"ListItem\",\"position\":1,\"name\":\"Home\",\"item\":\"https:\\\/\\\/cvcshipping.ro\\\/\"},{\"@type\":\"ListItem\",\"position\":2,\"name\":\"Services\"}]},{\"@type\":\"WebSite\",\"@id\":\"https:\\\/\\\/cvcshipping.ro\\\/#website\",\"url\":\"https:\\\/\\\/cvcshipping.ro\\\/\",\"name\":\"CVC \u2013 Cleaning Vessels Company\",\"description\":\"Utijale, docheri \u0219i muncitori \u00een Portul Constan\u021ba\",\"publisher\":{\"@id\":\"https:\\\/\\\/cvcshipping.ro\\\/#organization\"},\"alternateName\":\"CVC Port Services\",\"potentialAction\":[{\"@type\":\"SearchAction\",\"target\":{\"@type\":\"EntryPoint\",\"urlTemplate\":\"https:\\\/\\\/cvcshipping.ro\\\/?s={search_term_string}\"},\"query-input\":{\"@type\":\"PropertyValueSpecification\",\"valueRequired\":true,\"valueName\":\"search_term_string\"}}],\"inLanguage\":\"ro-RO\"},{\"@type\":\"Organization\",\"@id\":\"https:\\\/\\\/cvcshipping.ro\\\/#organization\",\"name\":\"Cleaning Vessels Company\",\"url\":\"https:\\\/\\\/cvcshipping.ro\\\/\",\"logo\":{\"@type\":\"ImageObject\",\"inLanguage\":\"ro-RO\",\"@id\":\"https:\\\/\\\/cvcshipping.ro\\\/#\\\/schema\\\/logo\\\/image\\\/\",\"url\":\"https:\\\/\\\/cvcshipping.ro\\\/wp-content\\\/uploads\\\/2026\\\/02\\\/cropped-Untitled-design-36.png\",\"contentUrl\":\"https:\\\/\\\/cvcshipping.ro\\\/wp-content\\\/uploads\\\/2026\\\/02\\\/cropped-Untitled-design-36.png\",\"width\":512,\"height\":204,\"caption\":\"Cleaning Vessels Company\"},\"image\":{\"@id\":\"https:\\\/\\\/cvcshipping.ro\\\/#\\\/schema\\\/logo\\\/image\\\/\"}}]}<\/script>\n<!-- \/ Yoast SEO plugin. -->","yoast_head_json":{"title":"Maritime & Port Services in Romania \u2013 CVC Shipping","description":"Servicii profesionale \u00een portul Constan\u021ba \u0219i Agigea: cur\u0103\u021bare hambare nave, \u00eenchiriere docheri \u0219i muncitori, ins\u0103cuire big bags, logistic\u0103 \u0219i transport marf\u0103.","robots":{"index":"index","follow":"follow","max-snippet":"max-snippet:-1","max-image-preview":"max-image-preview:large","max-video-preview":"max-video-preview:-1"},"canonical":"https:\/\/cvcshipping.ro\/ro\/services\/","og_locale":"ro_RO","og_type":"article","og_title":"Maritime & Port Services in Romania \u2013 CVC Shipping","og_description":"Servicii profesionale \u00een portul Constan\u021ba \u0219i Agigea: cur\u0103\u021bare hambare nave, \u00eenchiriere docheri \u0219i muncitori, ins\u0103cuire big bags, logistic\u0103 \u0219i transport marf\u0103.","og_url":"https:\/\/cvcshipping.ro\/ro\/services\/","og_site_name":"CVC \u2013 \u00cenchiriere Utilaje \u0219i For\u021b\u0103 de Munc\u0103","article_modified_time":"2025-07-25T12:14:47+00:00","og_image":[{"url":"https:\/\/cvcshipping.ro\/wp-content\/uploads\/2021\/11\/service-1.jpg","type":"","width":"","height":""}],"twitter_card":"summary_large_image","twitter_misc":{"Timp estimat pentru citire":"3 minute"},"schema":{"@context":"https:\/\/schema.org","@graph":[{"@type":"WebPage","@id":"https:\/\/cvcshipping.ro\/services\/","url":"https:\/\/cvcshipping.ro\/services\/","name":"Maritime & Port Services in Romania \u2013 CVC Shipping","isPartOf":{"@id":"https:\/\/cvcshipping.ro\/#website"},"primaryImageOfPage":{"@id":"https:\/\/cvcshipping.ro\/services\/#primaryimage"},"image":{"@id":"https:\/\/cvcshipping.ro\/services\/#primaryimage"},"thumbnailUrl":"https:\/\/cvcshipping.ro\/wp-content\/uploads\/2021\/11\/service-1.jpg","datePublished":"2021-11-21T15:14:41+00:00","dateModified":"2025-07-25T12:14:47+00:00","description":"Servicii profesionale \u00een portul Constan\u021ba \u0219i Agigea: cur\u0103\u021bare hambare nave, \u00eenchiriere docheri \u0219i muncitori, ins\u0103cuire big bags, logistic\u0103 \u0219i transport marf\u0103.","breadcrumb":{"@id":"https:\/\/cvcshipping.ro\/services\/#breadcrumb"},"inLanguage":"ro-RO","potentialAction":[{"@type":"ReadAction","target":["https:\/\/cvcshipping.ro\/services\/"]}]},{"@type":"ImageObject","inLanguage":"ro-RO","@id":"https:\/\/cvcshipping.ro\/services\/#primaryimage","url":"https:\/\/cvcshipping.ro\/wp-content\/uploads\/2021\/11\/service-1.jpg","contentUrl":"https:\/\/cvcshipping.ro\/wp-content\/uploads\/2021\/11\/service-1.jpg"},{"@type":"BreadcrumbList","@id":"https:\/\/cvcshipping.ro\/services\/#breadcrumb","itemListElement":[{"@type":"ListItem","position":1,"name":"Home","item":"https:\/\/cvcshipping.ro\/"},{"@type":"ListItem","position":2,"name":"Services"}]},{"@type":"WebSite","@id":"https:\/\/cvcshipping.ro\/#website","url":"https:\/\/cvcshipping.ro\/","name":"Cleaning Vessels Company","description":"Utijale, docheri \u0219i muncitori \u00een Portul Constan\u021ba","publisher":{"@id":"https:\/\/cvcshipping.ro\/#organization"},"alternateName":"CVC Port Services","potentialAction":[{"@type":"SearchAction","target":{"@type":"EntryPoint","urlTemplate":"https:\/\/cvcshipping.ro\/?s={search_term_string}"},"query-input":{"@type":"PropertyValueSpecification","valueRequired":true,"valueName":"search_term_string"}}],"inLanguage":"ro-RO"},{"@type":"Organization","@id":"https:\/\/cvcshipping.ro\/#organization","name":"Cleaning Vessels Company","url":"https:\/\/cvcshipping.ro\/","logo":{"@type":"ImageObject","inLanguage":"ro-RO","@id":"https:\/\/cvcshipping.ro\/#\/schema\/logo\/image\/","url":"https:\/\/cvcshipping.ro\/wp-content\/uploads\/2026\/02\/cropped-Untitled-design-36.png","contentUrl":"https:\/\/cvcshipping.ro\/wp-content\/uploads\/2026\/02\/cropped-Untitled-design-36.png","width":512,"height":204,"caption":"Cleaning Vessels Company"},"image":{"@id":"https:\/\/cvcshipping.ro\/#\/schema\/logo\/image\/"}}]}},"_links":{"self":[{"href":"https:\/\/cvcshipping.ro\/ro\/wp-json\/wp\/v2\/pages\/1319","targetHints":{"allow":["GET"]}}],"collection":[{"href":"https:\/\/cvcshipping.ro\/ro\/wp-json\/wp\/v2\/pages"}],"about":[{"href":"https:\/\/cvcshipping.ro\/ro\/wp-json\/wp\/v2\/types\/page"}],"author":[{"embeddable":true,"href":"https:\/\/cvcshipping.ro\/ro\/wp-json\/wp\/v2\/users\/1"}],"replies":[{"embeddable":true,"href":"https:\/\/cvcshipping.ro\/ro\/wp-json\/wp\/v2\/comments?post=1319"}],"version-history":[{"count":17,"href":"https:\/\/cvcshipping.ro\/ro\/wp-json\/wp\/v2\/pages\/1319\/revisions"}],"predecessor-version":[{"id":1867,"href":"https:\/\/cvcshipping.ro\/ro\/wp-json\/wp\/v2\/pages\/1319\/revisions\/1867"}],"wp:attachment":[{"href":"https:\/\/cvcshipping.ro\/ro\/wp-json\/wp\/v2\/media?parent=1319"}],"curies":[{"name":"wp","href":"https:\/\/api.w.org\/{rel}","templated":true}]}}